{"id":937,"date":"2017-10-02T16:00:19","date_gmt":"2017-10-02T14:00:19","guid":{"rendered":"https:\/\/suap.leterredellamarcasenone.it\/?page_id=937"},"modified":"2025-07-30T09:31:42","modified_gmt":"2025-07-30T07:31:42","slug":"home-2","status":"publish","type":"page","link":"https:\/\/suap.leterredellamarcasenone.it\/","title":{"rendered":"Home"},"content":{"rendered":"<p><html><br \/>\n<head><br \/>\n<meta http-equiv=\"refresh\" content=\"0;url=https:\/\/suap.regione.marche.it\/marcasenone\/\"\/><br \/>\n<\/head><br \/>\n<\/html<span data-teams=\"true\">&gt;<\/span><\/p>\n<p><span style=\"font-size: 14pt;\">Corso formazione ed approfondimenti per enti pubblici, cittadini, associazioni ed imprese per PUBBLICI SPETTACOLI ED INTRATTENIMENTI in data 10 Aprile 2025.<\/span><\/p>\n<p style=\"text-align: center;\"><span style=\"font-size: 14pt;\"><img decoding=\"async\" loading=\"lazy\" class=\"wp-image-3246 aligncenter\" src=\"https:\/\/suap.leterredellamarcasenone.it\/wp-content\/uploads\/2025\/01\/logo_pdf-239x300.jpg\" alt=\"\" width=\"37\" height=\"47\" srcset=\"https:\/\/suap.leterredellamarcasenone.it\/wp-content\/uploads\/2025\/01\/logo_pdf-239x300.jpg 239w, https:\/\/suap.leterredellamarcasenone.it\/wp-content\/uploads\/2025\/01\/logo_pdf-768x962.jpg 768w, https:\/\/suap.leterredellamarcasenone.it\/wp-content\/uploads\/2025\/01\/logo_pdf.jpg 782w\" sizes=\"(max-width: 37px) 100vw, 37px\" \/> <\/span><a href=\"https:\/\/suap.regione.marche.it\/marcasenone\/wp-content\/uploads\/2025\/04\/PROGRAMMA_PUBBLICO_SPETTACOLO_COMPLETA-2-2.pdf\"><span style=\"font-size: 14pt;\">CORSO FORMAZIONE PUBBLICI SPETTACOLI<\/span><\/a><\/p>\n<p>&nbsp;<\/p>\n<p style=\"text-align: center;\"><strong><span style=\"font-size: 14pt;\"><a href=\"https:\/\/suap.regione.marche.it\/marcasenone\/?page_id=69&amp;procedi=500510&amp;subproc=000006&amp;subprocid=47278&amp;rnd=\">CLICCA QUI PER COMPILARE LA PARTECIPAZIONE AL CORSO<\/a><\/span><\/strong><\/p>\n<p>PER \u200bSEGUIRE IL CORSO ON-LINE PARTECIPA CON:<br \/>\nMicrosoft Teams<\/p>\n<p><strong><span style=\"font-size: 14pt;\"><a href=\"https:\/\/teams.microsoft.com\/dl\/launcher\/launcher.html?url=%2F_%23%2Fl%2Fmeetup-join%2F19%3Ameeting_MmQ4NDUwZjEtZWFmNS00NGNkLTgwYjgtYzNlNWRhNzRiNDE0%40thread.v2%2F0%3Fcontext%3D%257b%2522Tid%2522%253a%2522605b04b3-6161-49e4-a387-bb3c7210d534%2522%252c%2522Oid%2522%253a%2522f9bdd47d-cbc6-484c-90bc-88ce611e4c8b%2522%257d%26anon%3Dtrue&amp;type=meetup-join&amp;deeplinkId=cffa8112-6d33-4ae6-adc4-4a2717b1c048&amp;directDl=true&amp;msLaunch=true&amp;enableMobilePage=true&amp;suppressPrompt=true\">Partecipa alla riunione ora<\/a><\/span><\/strong><\/p>\n<p>ID riunione: 376 397 197 897<br \/>\nPasscode: 5vi2eg7s<\/p>\n<p style=\"text-align: center;\">__________________________________________________________________________________<\/p>\n<p style=\"text-align: justify;\">Il 20 maggio 2019 \u00e8 stata sottoscritta la <a href=\"https:\/\/suap.leterredellamarcasenone.it\/wp-content\/uploads\/2019\/11\/p-7-cu-atto-rep-n-73-25lug2019.pdf\">Convenzione<\/a> tra\u00a0l&#8217;Unione dei Comuni &#8220;Le Terre della Marca Senone&#8221; e i Comuni di Senigallia, Ostra, Ostra Vetere, Trecastelli, Arcevia, Barbara e Serra De&#8217; Conti per la gestione della funzione dello Sportello Unico per le Attivit\u00e0 Produttive, comprensiva del servizio Commercio e Attivit\u00e0 Economiche.<\/p>\n<p style=\"text-align: justify;\">L&#8217;11 settembre 2020 \u00e8 stata sottoscritta la <a href=\"https:\/\/suap.leterredellamarcasenone.it\/wp-content\/uploads\/2020\/09\/Convenzione-SUAPUnioneMontemarciano1.pdf\">Convenzione<\/a> tra l&#8217;Unione dei Comuni &#8220;Le Terre della Marca Senone&#8221; e\u00a0 il Comune di Montemarciano per la gestione della funzione dello Sportello Unico per le Attivit\u00e0 Produttive e il 30 giugno 2021\u00a0\u00e8 stata sottoscritta la <a href=\"https:\/\/suap.leterredellamarcasenone.it\/wp-content\/uploads\/2021\/07\/Convezione-SUAPeAttivit_EconomicheMontemarciano.pdf\">Convenzione<\/a> tra l&#8217;Unione dei Comuni &#8220;Le Terre della Marca Senone&#8221; e\u00a0 il Comune di Montemarciano per la gestione della funzione dello Sportello Unico per le Attivit\u00e0 Produttive e Attivit\u00e0 Economiche. Il 16 gennaio 2024 \u00e8 stata sottoscritta la <a href=\"https:\/\/suap.leterredellamarcasenone.it\/wp-content\/uploads\/2024\/01\/CONVENZIONE-GESTIONE-ASSOCIATA-SUAP_MONTEMARCIANO-2024-2.pdf\">Convenzione<\/a> tra l&#8217;Unione dei Comuni &#8220;Le Terre della Marca Senone&#8221; e\u00a0 il Comune di Montemarciano per la gestione della funzione dello Sportello Unico per le Attivit\u00e0 Produttive e Attivit\u00e0 Economiche. Il 17 dicembre 2024 \u00e8 stata sottoscritta la <a href=\"https:\/\/suap.leterredellamarcasenone.it\/wp-content\/uploads\/2025\/03\/CONVENZIONE-GESTIONE-ASSOCIATA-SUAP_2025.pdf\">Convenzione<\/a> tra l&#8217;Unione dei Comuni &#8220;Le Terre della Marca Senone&#8221; e\u00a0 il Comune di Montemarciano per la gestione della funzione dello Sportello Unico per le Attivit\u00e0 Produttive e Attivit\u00e0 Economiche.<\/p>\n<p>Lo <strong>Sportello Unico per le Attivit\u00e0 Produttive<\/strong> \u2013 SUAP \u00e8 uno strumento di semplificazione amministrativa con il fine di snellire i rapporti tra Pubblica Amministrazione (P.A.) ed utenza.<\/p>\n<p>Con l\u2019entrata in vigore del nuovo <strong>DPR n. 160 del 7 settembre 2010<\/strong> viene adottato il Regolamento per la semplificazione ed il riordino della disciplina sullo Sportello Unico per le Attivit\u00e0 Produttive che stabilisce che ogni pratica deve essere presentata esclusivamente in modalit\u00e0 telematica e deve essere gestita telematicamente garantendo l\u2019interoperabilit\u00e0 tra i vari soggetti pubblici.<\/p>\n<p>Le pratiche inerenti le attivit\u00e0 produttive comprese quelle riguardanti l\u2019edilizia produttiva dovranno pervenire esclusivamente al <strong>SUAP dell&#8217;Unione dei Comuni &#8220;Le Terre della Marca Senone&#8221;<\/strong>.<\/p>\n<p>I comuni aderenti al SUAP dell&#8217;Unione dei Comuni &#8220;Le Terre della Marca Senone&#8221;: Senigallia, Ostra, Ostra Vetere, Trecastelli, Arcevia, Barbara, Serra De&#8217; Conti e Montemarciano.<\/p>\n<div style=\"text-align: center;\"><\/div>\n<div style=\"text-align: center; margin: 2em 0;\"><img decoding=\"async\" loading=\"lazy\" src=\"https:\/\/suap.leterredellamarcasenone.it\/\/wp-content\/uploads\/image\/Senigallia-Stemma.gif\" alt=\"\" width=\"54\" height=\"65\" \/>\u00a0\u00a0<img decoding=\"async\" loading=\"lazy\" src=\"https:\/\/suap.leterredellamarcasenone.it\/wp-content\/uploads\/image\/Montemarciano-Stemma.png\" alt=\"\" width=\"53\" height=\"66\" \/>\u00a0 <img decoding=\"async\" loading=\"lazy\" src=\"https:\/\/suap.leterredellamarcasenone.it\/\/wp-content\/uploads\/image\/trecastelli.png\" alt=\"\" width=\"54\" height=\"65\" \/>\u00a0 <img decoding=\"async\" loading=\"lazy\" src=\"https:\/\/suap.leterredellamarcasenone.it\/\/wp-content\/uploads\/image\/ostra.png\" alt=\"\" width=\"54\" height=\"65\" \/>\u00a0\u00a0<img decoding=\"async\" loading=\"lazy\" class=\"alignnone size-medium wp-image-1298\" src=\"https:\/\/suap.leterredellamarcasenone.it\/wp-content\/uploads\/2019\/05\/arcevia-230x300.jpg\" alt=\"\" width=\"54\" height=\"65\" \/> <img decoding=\"async\" loading=\"lazy\" class=\"alignnone size-medium wp-image-1299\" src=\"https:\/\/suap.leterredellamarcasenone.it\/wp-content\/uploads\/2019\/05\/barbara-257x300.jpg\" alt=\"\" width=\"54\" height=\"65\" \/> <img decoding=\"async\" loading=\"lazy\" class=\"alignnone wp-image-1300\" src=\"https:\/\/suap.leterredellamarcasenone.it\/wp-content\/uploads\/2019\/05\/serradeconti-218x300.jpg\" alt=\"\" width=\"52\" height=\"70\" \/><\/div>\n<p>Vai al sito dell&#8217;Unione dei Comuni \u201c<a href=\"https:\/\/www.leterredellamarcasenone.it\">Le Terre della Marca Senone<\/a>\u201d<br \/>\nVai al sito dei Comuni aderenti: <a href=\"https:\/\/www.comune.senigallia.an.it\/site\/senigallia\/live\/taxonomy\">Senigallia<\/a>, <a href=\"https:\/\/www.comune.ostra.an.it\">Ostra<\/a>, <a href=\"https:\/\/www.comune.ostravetere.an.it\/c042036\/hh\/index.php\">Ostra Vetere<\/a>, <a href=\"https:\/\/www.comune.trecastelli.an.it\/hh\/index.php\">Trecastelli<\/a>, <a href=\"https:\/\/www.arceviaweb.eu\/arcevia\">Arcevia<\/a>, <a href=\"https:\/\/www.comune.barbara.an.it\/hh\/index.php\">Barbara<\/a>, <a href=\"https:\/\/www.comune.serradeconti.an.it\/\">Serra De\u2019 Conti<\/a> e <a href=\"https:\/\/www.comune.montemarciano.ancona.it\/hh\/index.php\">Montemarciano<\/a><\/p>\n<p style=\"text-align: justify;\"><span style=\"text-decoration: underline;\"><strong>L&#8217;unica modalit\u00e0 di trasmissione consentita all&#8217;invio delle pratiche \u00e8 quella telematica pena l&#8217;inammissibilit\u00e0 della stessa.<\/strong><\/span><\/p>\n<p style=\"text-align: justify;\">Le pratiche dovranno essere firmate digitalmente e fatte pervenire utilizzando il servizio di presentazione online della pratica, accessibile dopo aver effettuato l&#8217;accesso.<\/p>\n","protected":false},"excerpt":{"rendered":"","protected":false},"author":1,"featured_media":0,"parent":0,"menu_order":0,"comment_status":"closed","ping_status":"closed","template":"","meta":[],"_links":{"self":[{"href":"https:\/\/suap.leterredellamarcasenone.it\/index.php?rest_route=\/wp\/v2\/pages\/937"}],"collection":[{"href":"https:\/\/suap.leterredellamarcasenone.it\/index.php?rest_route=\/wp\/v2\/pages"}],"about":[{"href":"https:\/\/suap.leterredellamarcasenone.it\/index.php?rest_route=\/wp\/v2\/types\/page"}],"author":[{"embeddable":true,"href":"https:\/\/suap.leterredellamarcasenone.it\/index.php?rest_route=\/wp\/v2\/users\/1"}],"replies":[{"embeddable":true,"href":"https:\/\/suap.leterredellamarcasenone.it\/index.php?rest_route=%2Fwp%2Fv2%2Fcomments&post=937"}],"version-history":[{"count":122,"href":"https:\/\/suap.leterredellamarcasenone.it\/index.php?rest_route=\/wp\/v2\/pages\/937\/revisions"}],"predecessor-version":[{"id":3356,"href":"https:\/\/suap.leterredellamarcasenone.it\/index.php?rest_route=\/wp\/v2\/pages\/937\/revisions\/3356"}],"wp:attachment":[{"href":"https:\/\/suap.leterredellamarcasenone.it\/index.php?rest_route=%2Fwp%2Fv2%2Fmedia&parent=937"}],"curies":[{"name":"wp","href":"https:\/\/api.w.org\/{rel}","templated":true}]}}